{"id":3987,"date":"2021-05-11T20:42:54","date_gmt":"2021-05-11T20:42:54","guid":{"rendered":"http:\/\/iglesiaberaca.cl\/pruebas\/?post_type=product&#038;p=3987"},"modified":"2025-08-15T22:47:14","modified_gmt":"2025-08-15T22:47:14","slug":"capullos-de-seda","status":"publish","type":"product","link":"http:\/\/iglesiaberaca.cl\/pruebas\/producto\/capullos-de-seda\/","title":{"rendered":"Capullos de Seda"},"content":{"rendered":"","protected":false},"excerpt":{"rendered":"<p>&#x2665; EL MEJOR EXFOLIANTE FACIAL &#x2665; Los capullos de seda naturales, contienen elementos anti envejecimiento naturales;tales como prote\u00ednas, amino\u00e1cidos y col\u00e1geno activo, adem\u00e1s de&hellip;<\/p>\n","protected":false},"featured_media":5228,"template":"","meta":{"_seopress_robots_primary_cat":"none","_seopress_titles_title":"","_seopress_titles_desc":"","_seopress_robots_index":""},"product_cat":[163],"product_tag":[],"class_list":{"0":"post-3987","1":"product","2":"type-product","3":"status-publish","4":"has-post-thumbnail","6":"product_cat-beauty-care","8":"first","9":"instock","10":"taxable","11":"shipping-taxable","12":"purchasable","13":"product-type-simple","14":"thumb-has-effect","15":"prod-rating-on"},"jetpack_sharing_enabled":true,"_links":{"self":[{"href":"http:\/\/iglesiaberaca.cl\/pruebas\/wp-json\/wp\/v2\/product\/3987"}],"collection":[{"href":"http:\/\/iglesiaberaca.cl\/pruebas\/wp-json\/wp\/v2\/product"}],"about":[{"href":"http:\/\/iglesiaberaca.cl\/pruebas\/wp-json\/wp\/v2\/types\/product"}],"wp:featuredmedia":[{"embeddable":true,"href":"http:\/\/iglesiaberaca.cl\/pruebas\/wp-json\/wp\/v2\/media\/5228"}],"wp:attachment":[{"href":"http:\/\/iglesiaberaca.cl\/pruebas\/wp-json\/wp\/v2\/media?parent=3987"}],"wp:term":[{"taxonomy":"product_cat","embeddable":true,"href":"http:\/\/iglesiaberaca.cl\/pruebas\/wp-json\/wp\/v2\/product_cat?post=3987"},{"taxonomy":"product_tag","embeddable":true,"href":"http:\/\/iglesiaberaca.cl\/pruebas\/wp-json\/wp\/v2\/product_tag?post=3987"}],"curies":[{"name":"wp","href":"https:\/\/api.w.org\/{rel}","templated":true}]}}