{"id":4710,"date":"2022-04-17T17:38:33","date_gmt":"2022-04-17T17:38:33","guid":{"rendered":"http:\/\/iglesiaberaca.cl\/pruebas\/producto\/cinturn-dorado-metlico\/"},"modified":"2022-05-02T00:01:47","modified_gmt":"2022-05-02T00:01:47","slug":"cinturon-dorado-metalico","status":"publish","type":"product","link":"http:\/\/iglesiaberaca.cl\/pruebas\/producto\/cinturon-dorado-metalico\/","title":{"rendered":"Cintur\u00f3n Dorado Met\u00e1lico"},"content":{"rendered":"","protected":false},"excerpt":{"rendered":"<p>cintur\u00f3n met\u00e1lico elasticado talla S<\/p>\n","protected":false},"featured_media":4828,"template":"","meta":{"_seopress_robots_primary_cat":"none","_seopress_titles_title":"","_seopress_titles_desc":"","_seopress_robots_index":""},"product_cat":[166],"product_tag":[],"class_list":{"0":"post-4710","1":"product","2":"type-product","3":"status-publish","4":"has-post-thumbnail","6":"product_cat-cinturones","8":"first","9":"instock","10":"taxable","11":"shipping-taxable","12":"purchasable","13":"product-type-simple","14":"thumb-has-effect","15":"prod-rating-on"},"jetpack_sharing_enabled":true,"_links":{"self":[{"href":"http:\/\/iglesiaberaca.cl\/pruebas\/wp-json\/wp\/v2\/product\/4710"}],"collection":[{"href":"http:\/\/iglesiaberaca.cl\/pruebas\/wp-json\/wp\/v2\/product"}],"about":[{"href":"http:\/\/iglesiaberaca.cl\/pruebas\/wp-json\/wp\/v2\/types\/product"}],"wp:featuredmedia":[{"embeddable":true,"href":"http:\/\/iglesiaberaca.cl\/pruebas\/wp-json\/wp\/v2\/media\/4828"}],"wp:attachment":[{"href":"http:\/\/iglesiaberaca.cl\/pruebas\/wp-json\/wp\/v2\/media?parent=4710"}],"wp:term":[{"taxonomy":"product_cat","embeddable":true,"href":"http:\/\/iglesiaberaca.cl\/pruebas\/wp-json\/wp\/v2\/product_cat?post=4710"},{"taxonomy":"product_tag","embeddable":true,"href":"http:\/\/iglesiaberaca.cl\/pruebas\/wp-json\/wp\/v2\/product_tag?post=4710"}],"curies":[{"name":"wp","href":"https:\/\/api.w.org\/{rel}","templated":true}]}}