{"id":5120,"date":"2022-04-26T16:58:56","date_gmt":"2022-04-26T16:58:56","guid":{"rendered":"http:\/\/iglesiaberaca.cl\/pruebas\/producto\/prendedor-doble-ala-dorada\/"},"modified":"2022-05-01T23:27:04","modified_gmt":"2022-05-01T23:27:04","slug":"prendedor-doble-ala-dorada","status":"publish","type":"product","link":"http:\/\/iglesiaberaca.cl\/pruebas\/producto\/prendedor-doble-ala-dorada\/","title":{"rendered":"Prendedor Doble Ala Dorada"},"content":{"rendered":"","protected":false},"excerpt":{"rendered":"<p>prendedor hecho a mano con cristales, pedrer\u00eda y mostacillas y terminaci\u00f3n de cuero. dimension 11-12 cm de largo pieza \u00fanica<\/p>\n","protected":false},"featured_media":5111,"template":"","meta":{"_seopress_robots_primary_cat":"none","_seopress_titles_title":"","_seopress_titles_desc":"","_seopress_robots_index":""},"product_cat":[177],"product_tag":[],"class_list":{"0":"post-5120","1":"product","2":"type-product","3":"status-publish","4":"has-post-thumbnail","6":"product_cat-prendedores","8":"first","9":"instock","10":"taxable","11":"shipping-taxable","12":"purchasable","13":"product-type-simple","14":"thumb-has-effect","15":"prod-rating-on"},"jetpack_sharing_enabled":true,"_links":{"self":[{"href":"http:\/\/iglesiaberaca.cl\/pruebas\/wp-json\/wp\/v2\/product\/5120"}],"collection":[{"href":"http:\/\/iglesiaberaca.cl\/pruebas\/wp-json\/wp\/v2\/product"}],"about":[{"href":"http:\/\/iglesiaberaca.cl\/pruebas\/wp-json\/wp\/v2\/types\/product"}],"wp:featuredmedia":[{"embeddable":true,"href":"http:\/\/iglesiaberaca.cl\/pruebas\/wp-json\/wp\/v2\/media\/5111"}],"wp:attachment":[{"href":"http:\/\/iglesiaberaca.cl\/pruebas\/wp-json\/wp\/v2\/media?parent=5120"}],"wp:term":[{"taxonomy":"product_cat","embeddable":true,"href":"http:\/\/iglesiaberaca.cl\/pruebas\/wp-json\/wp\/v2\/product_cat?post=5120"},{"taxonomy":"product_tag","embeddable":true,"href":"http:\/\/iglesiaberaca.cl\/pruebas\/wp-json\/wp\/v2\/product_tag?post=5120"}],"curies":[{"name":"wp","href":"https:\/\/api.w.org\/{rel}","templated":true}]}}